{"id":5539,"date":"2016-02-25T08:41:29","date_gmt":"2016-02-25T07:41:29","guid":{"rendered":"http:\/\/software.fauland.cc\/?page_id=5539"},"modified":"2019-09-20T13:11:30","modified_gmt":"2019-09-20T11:11:30","slug":"impressum","status":"publish","type":"page","link":"https:\/\/www.fairkids.at\/?page_id=5539","title":{"rendered":"Impressum"},"content":{"rendered":"<h3>Impressum<\/h3>\n<h4>http:\/\/www.fairkids.at<\/h4>\n<p>Mag.<sup>a<\/sup> (FH) Carina Fauland<br \/>\nFAIR KIDS<br \/>\nMunderfingerstra\u00dfe 23<br \/>\n5223 Pfaffst\u00e4tt<\/p>\n<p>F\u00fcr den Inhalt verantwortlich: Carina Fauland<\/p>\n<p>E-Mail: carina@fairkids.at<br \/>\nTelefon: +43 664 73 87 80 67<\/p>\n<h4>Haftungsausschluss\/Disclaimer<\/h4>\n<p>Frau Carina Fauland \u00fcbernimmt keinerlei Gew\u00e4hr f\u00fcr die Aktualit\u00e4t, Korrektheit, Vollst\u00e4ndigkeit oder Qualit\u00e4t der bereitgestellten Informationen. Haftungsanspr\u00fcche gegen Frau Carina Fauland sind grunds\u00e4tzlich ausgeschlossen, sofern seitens Frau Carina Fauland kein nachweislich vors\u00e4tzliches oder grob fahrl\u00e4ssiges Verschulden vorliegt. Frau Carina Fauland beh\u00e4lt es sich ausdr\u00fccklich vor, Teile der Seiten oder das gesamte Angebot ohne gesonderte Ank\u00fcndigung zu ver\u00e4ndern, zu erg\u00e4nzen, zu l\u00f6schen oder die Ver\u00f6ffentlichung zeitweise oder endg\u00fcltig einzustellen.<\/p>\n<p>Herausgeber und f\u00fcr den Inhalt verantwortlich: Mag. (FH) Carina Fauland \u2022 0664\u2009\/\u2009738\u2009\u2009780\u2009\u200967 \u2022 carina@fairkids.at<br \/>\nGestaltung &#038; Produktion: designreich.at \u2013 Werbeagentur Daniel Reichinger \u2022 Brauereistra\u00dfe 4\/3 \u2022 5230 Mattighofen \u2022 0664\/3427550 \u2022 office@designreich.at<br \/>\nFotos: Christoph Zettl, Ljupco Smokovski, Philip Steury, Sunny Studio \u2022 Druckfehler, Irrt\u00fcmer und \u00c4nderungen vorbehalten.  <\/p>\n","protected":false},"excerpt":{"rendered":"<p>Impressum http:\/\/www.fairkids.at Mag.a (FH) Carina Fauland FAIR KIDS Munderfingerstra\u00dfe 23 5223 Pfaffst\u00e4tt F\u00fcr den Inhalt verantwortlich: Carina Fauland E-Mail: carina@fairkids.at Telefon: +43 664 73 87 80 67 Haftungsausschluss\/Disclaimer Frau Carina Fauland \u00fcbernimmt keinerlei Gew\u00e4hr f\u00fcr die Aktualit\u00e4t, Korrektheit, Vollst\u00e4ndigkeit oder Qualit\u00e4t der bereitgestellten Informationen. Haftungsanspr\u00fcche gegen Frau Carina Fauland sind grunds\u00e4tzlich ausgeschlossen, sofern seitens Frau [&hellip;]<\/p>\n","protected":false},"author":1,"featured_media":0,"parent":0,"menu_order":0,"comment_status":"closed","ping_status":"closed","template":"","meta":{"footnotes":""},"class_list":["post-5539","page","type-page","status-publish","hentry"],"_links":{"self":[{"href":"https:\/\/www.fairkids.at\/index.php?rest_route=\/wp\/v2\/pages\/5539","targetHints":{"allow":["GET"]}}],"collection":[{"href":"https:\/\/www.fairkids.at\/index.php?rest_route=\/wp\/v2\/pages"}],"about":[{"href":"https:\/\/www.fairkids.at\/index.php?rest_route=\/wp\/v2\/types\/page"}],"author":[{"embeddable":true,"href":"https:\/\/www.fairkids.at\/index.php?rest_route=\/wp\/v2\/users\/1"}],"replies":[{"embeddable":true,"href":"https:\/\/www.fairkids.at\/index.php?rest_route=%2Fwp%2Fv2%2Fcomments&post=5539"}],"version-history":[{"count":4,"href":"https:\/\/www.fairkids.at\/index.php?rest_route=\/wp\/v2\/pages\/5539\/revisions"}],"predecessor-version":[{"id":6483,"href":"https:\/\/www.fairkids.at\/index.php?rest_route=\/wp\/v2\/pages\/5539\/revisions\/6483"}],"wp:attachment":[{"href":"https:\/\/www.fairkids.at\/index.php?rest_route=%2Fwp%2Fv2%2Fmedia&parent=5539"}],"curies":[{"name":"wp","href":"https:\/\/api.w.org\/{rel}","templated":true}]}}