{"id":3109,"date":"2015-03-09T11:17:25","date_gmt":"2015-03-09T11:17:25","guid":{"rendered":"http:\/\/webnus.biz\/themes\/california-wp\/default\/?page_id=3109"},"modified":"2023-05-15T13:23:04","modified_gmt":"2023-05-15T11:23:04","slug":"home","status":"publish","type":"page","link":"https:\/\/www.fairkids.at\/","title":{"rendered":"FairKids MainPage"},"content":{"rendered":"<section class=\"wpb-content-wrapper\"><p>[vc_row][vc_column][vc_column_text]<\/p>\n<div class=\"titlebar\">\n<h1 style=\"text-align: center; color: #8f5c94; margin: 0; letter-spacing: 3.7px;\">ELTERN COACHING<\/h1>\n<p>[\/vc_column_text][\/vc_column][\/vc_row][vc_row row_type=&#8220;3&#8243; blox_height=&#8220;0&#8243; align_center=&#8220;aligncenter&#8220; blox_dark=&#8220;true&#8220; row_color=&#8220;#8f5c94&#8243;][vc_column_text]<\/p>\n<h2 class=\"caps m-0\" style=\"letter-spacing: 0.3px;\">Begleiten &#8211; Beraten &#8211; St\u00e4rken<\/h2>\n<h3 class=\"caps m-0\" style=\"letter-spacing: -1px;\">&#8230;weil Familie das Wertvollste im Leben ist&#8230;<\/h3>\n<p>[\/vc_column_text][\/vc_row][vc_row][vc_column][vc_column_text]<\/p><\/div>\n<p>&nbsp;<\/p>\n\n<p><p>[\/vc_column_text][\/vc_column][\/vc_row][vc_row video_fullscreen=&#8220;true&#8220; video_type=&#8220;video\/youtube&#8220;][vc_column][distance type=&#8220;3&#8243;][vc_column_text]<\/p>\n<h2 style=\"text-align: center; font-size: 3.5em;\">Warum Elterncoaching?<\/h2>\n<p style=\"text-align: center;\">&#8230;weil Familie das Wichtigste im Leben ist&#8230; nur leider manchmal unlustig, energieraubend, stressig, erm\u00fcdend&#8230;<\/p>\n<p style=\"text-align: center;\">Unsere Kinder erfassen und f\u00fchlen viel fr\u00fcher als wir selbst. Sie sind unser Spiegel. Oftmals hindern uns festgefahrene Verhaltensmuster, schlummernde Sehns\u00fcchte, alte Familiengeschichten, zuwenig Gelassenheit, Druck von unserem Umfeld am harmonischen Familiengl\u00fcck. Das Leben ist zu sch\u00f6n um sich durch den Alltag zu qu\u00e4len!<\/p>\n<p style=\"text-align: center;\">Ich bin fest davon \u00fcberzeugt, dass mit wenig Handwerkszeug gro\u00dfe Ver\u00e4nderung bewirkt werden kann und wieder mehr Leichtigkeit ins Familienleben einziehen darf.<\/p>\n<p>[\/vc_column_text][\/vc_column][\/vc_row][vc_row][vc_column][vc_column_text]<\/p>\n<div class=\"row\">\n<div class=\"col-md-6 col-md-push-6\"><a href=\"http:\/\/www.fairkids.at\/wp-content\/uploads\/2019\/09\/familie2.jpg\"><img loading=\"lazy\" decoding=\"async\" class=\"alignnone wp-image-6435\" style=\"margin-bottom: 2em;\" src=\"http:\/\/www.fairkids.at\/wp-content\/uploads\/2019\/09\/familie2-300x200.jpg\" alt=\"\" width=\"456\" height=\"304\" srcset=\"https:\/\/www.fairkids.at\/wp-content\/uploads\/2019\/09\/familie2-300x200.jpg 300w, https:\/\/www.fairkids.at\/wp-content\/uploads\/2019\/09\/familie2-768x512.jpg 768w, https:\/\/www.fairkids.at\/wp-content\/uploads\/2019\/09\/familie2-1024x682.jpg 1024w\" sizes=\"auto, (max-width: 456px) 100vw, 456px\" \/><\/a><\/div>\n<div class=\"col-md-6 col-md-pull-6\">\n<ul class=\"li-box li-box-purple\">\n<li>Haben Sie als Mutter oder Vater Fragen und f\u00fchlen Sie sich unverstanden?<\/li>\n<li>Sind Sie manchmal m\u00fcde und verzweifelt?<\/li>\n<li>Haben Sie praktische Fragen zu Pflege, Spiel, Weinen, Schlafen, Entwicklungsschritten?<\/li>\n<li>Was braucht das Kind, was brauchen die Eltern, um sich als erf\u00fcllt und in Balance zu erleben?<\/li>\n<li>W\u00e4chst Ihnen ab und an der Alltag \u00fcber den Kopf?<\/li>\n<li>Wie kann mit ein wenig Handwerkzeug wieder mehr Leichtigkeit ins Familienleben einziehen?<\/li>\n<\/ul>\n<\/div>\n<\/div>\n<p>[\/vc_column_text][\/vc_column][\/vc_row][distance type=&#8220;3&#8243;][vc_row][vc_column][vc_column_text]<\/p>\n<div class=\"row\">\n<div class=\"col-md-12\">\n<h2 style=\"font-size: 3.5em;\">Meine Haltung in der Begleitung<\/h2>\n<\/div>\n<\/div>\n<p>[\/vc_column_text][\/vc_column][\/vc_row][vc_row row_type=&#8220;3&#8243; blox_height=&#8220;0&#8243; row_color=&#8220;#d6c0d8&#8243;][vc_column_text]<\/p>\n<div class=\"row hands-bg\">\n<div class=\"col-md-6 col-md-push-6\">\n<ul class=\"li-box li-box-white\" style=\"margin-top: 50px !important; margin-bottom: 50px !important;\">\n<li>Achtsamkeit als oberstes Prinzip<\/li>\n<li>Die Einzigartigkeit des Kindes als auch des Erwachsenen seht im Mittelpunkt<\/li>\n<li>Beziehung statt Erziehung<\/li>\n<li>Paare im Eltern-Sein unterst\u00fctzen und begleiten<\/li>\n<li>Eltern dabei begleiten, damit sich Kinder gem\u00e4\u00df ihrem inneren Bauplan entwickeln k\u00f6nnen und d\u00fcrfen<\/li>\n<li>Die eigene Pers\u00f6nlichkeit erkennen und Raum geben k\u00f6nnen<\/li>\n<li>Selbstwirksamkeit des Kindes erkennen<\/li>\n<li>Das eigene Leben f\u00fchren und gestalten, Probleme erkennen und H\u00fcrden \u00fcberwinden<\/li>\n<li>Leichtigkeit und Gelassenheit f\u00fcr die ganze Familie sp\u00fcren<\/li>\n<\/ul>\n<\/div>\n<div class=\"col-md-6 col-md-pull-6 hands-placeholder\"><img decoding=\"async\" class=\"alignnone wp-image-6449\" style=\"width: 333px;\" src=\"http:\/\/www.fairkids.at\/wp-content\/uploads\/2019\/09\/Haende-300x205.png\" alt=\"\" height=\"228\" srcset=\"https:\/\/www.fairkids.at\/wp-content\/uploads\/2019\/09\/Haende-300x205.png 300w, https:\/\/www.fairkids.at\/wp-content\/uploads\/2019\/09\/Haende-768x525.png 768w, https:\/\/www.fairkids.at\/wp-content\/uploads\/2019\/09\/Haende.png 1000w\" sizes=\"(max-width: 300px) 100vw, 300px\" \/><\/div>\n<\/div>\n<p>[\/vc_column_text][\/vc_row][vc_row row_type=&#8220;3&#8243; blox_height=&#8220;0&#8243;][distance type=&#8220;3&#8243;][\/vc_row][vc_row row_type=&#8220;3&#8243; blox_height=&#8220;0&#8243; row_color=&#8220;#d6c0d8&#8243;][vc_column_text]<\/p>\n<div class=\"row\">\n<div class=\"col-md-12\">\n<ul class=\"li-box li-box-white large\" style=\"margin-top: 50px !important; margin-bottom: 50px !important;\">\n<li>\n<h3>Online-Beratung<\/h3>\n<p>Die Online-Beratung findet per E-Mail statt und kann bei Bedarf auch in Einzelgespr\u00e4chen fortgef\u00fchrt werden. Ich freue mich \u00fcber eine Anfrage \u00fcber das Kontaktformular.<\/p>\n<\/li>\n<li>\n<h3 style=\"margin-top: 50px;\">Einzelgespr\u00e4che<\/h3>\n<p>Gerne Beratungstermin mittels Kontaktformular vereinbaren.<\/p>\n<\/li>\n<li>\n<h3 style=\"margin-top: 50px;\">Mentalst\u00e4rke statt Windst\u00e4rke &#8211; Workshops<\/h3>\n<p>Mentales Training f\u00fcr Eltern &#8211; St\u00fcrmische Zeiten im Familienalltag gekonnt durchsegeln<\/p>\n<\/li>\n<li>\n<h3 style=\"margin-top: 50px;\">Mama Meetings &#8211; Workshops<\/h3>\n<p>Networking und Know-How<\/p>\n<p>Mamas sind Manager in mittelgro\u00dfen Familienunternehmen, bei 14 h Dienstzeit und 10 h Rufbereitschaft, die ab und an dringend ein Meeting einberufen sollten um festgefahrene Muster zu \u00fcberdenken, die Blickrichtung neu zu definieren, andere Methoden auszuprobieren und ganz besonders um neue interessante Pers\u00f6nlichkeiten kennen zu lernen.<\/p>\n<p>Ein Mama Meeting bietet die M\u00f6glichkeit eines offenen Austausches.<\/p>\n<p>Nach einem kurzen theoretischen Input zu festgelegten Themen entsteht im Anschluss ein offenes Gespr\u00e4ch. Jeder der will kann seine Erfahrungswerte einbringen und wer nur zuh\u00f6ren will, kann sich bestm\u00f6glich viele neue Tricks und Methoden mit nach Hause nehmen.<\/p>\n<ul style=\"font-size: 15px;\">\n<li hidden=\"\">Erziehungsma\u00dfnahme Belohnung und Bestrafung \u2013 F\u00fcr und Wider<\/li>\n<li hidden=\"\">Besinnliche Weihnachtszeit &#8211; Weihnachtslust oder Weihnachtsfrust<\/li>\n<li hidden=\"\">Hilfe, mein Kind ist grob, bei\u00dft, kratzt und zwickt \u2013 Wie f\u00fchle ich mich dabei? Wie verhalte ich mich?<\/li>\n<li hidden=\"\">Wie schaffe ich mehr Ruhe, Leichtigkeit und Gelassenheit im Familienalltag?<\/li>\n<li hidden=\"\">Wie gestaltet sich der Wiedereinstieg ins Berufsleben<\/li>\n<\/ul>\n<p>In dieser Runde darf alles passieren: schimpfen, weinen, lachen, Aha-Erlebnisse, Achso-das-k\u00f6nnte-ich-auch-mal-versuchen Erlebnisse, so-hab-ich-das-noch-garnicht-gesehen Erlebnisse.<\/p>\n<p><strong>Es ist wichtig, dass sich das Familienleben gut anf\u00fchlt und nicht, dass es f\u00fcr andere gut aussieht.<\/strong><\/p>\n<ul style=\"font-size: 15px;\">\n<li class=\"transparent\">22. November 2019, 19:30 Uhr, EKIZ Mattighofen: &#8222;Erziehungsma\u00dfnahme Belohnung und Bestrafung \u2013 F\u00fcr und Wider&#8220;<\/li>\n<li class=\"transparent\">13. Dezember 2019, 19:30 Uhr, EKIZ Mattighofen: &#8222;Besinnliche Weihnachtszeit &#8211; Weihnachtslust oder Weihnachtsfrust&#8220;<\/li>\n<\/ul>\n<ul class=\"li-box li-box-white large\" style=\"margin-top: 50px !important; margin-bottom: 50px !important;\">\n<li>\n<h3 style=\"margin-top: 50px;\">Vortr\u00e4ge<\/h3>\n<p>Gl\u00fcckliche Eltern = Gl\u00fcckliche Kinder?<\/p>\n<ul style=\"font-size: 15px;\">\n<li class=\"transparent\">22. Oktober 2019 um 19:30 Uhr im Pfarrcaritaskindergarten Munderfing<\/li>\n<li class=\"transparent\">02. Dezember 2019 um 19:30 Uhr im EKIZ Stra\u00dfwalchen<\/li>\n<li>12. Oktober 2020 um 19:00 Uhr in der Volkshochschule Hallein<\/li>\n<li>23. Oktober 2020 um 19:30 Uhr im EKIZ Braunau<\/li>\n<\/ul>\n<p>Belohnung und Bestrafung &#8211; F\u00fcr und Wider<\/p>\n<ul style=\"font-size: 15px;\">\n<li class=\"transparent\">02. M\u00e4rz 2020 um 19:30 Uhr im EKIZ Stra\u00dfwalchen<\/li>\n<\/ul>\n<\/li>\n<\/ul>\n<\/li>\n<\/ul>\n<p><!--<\/p>\n\n\n\n\n<li>\n\n\n<h3 style=\"margin-top: 50px;\">3-teiliges Elternseminar \u2013 Willkommen im Leben<\/h3>\n\n\n\n\n<p><strong>Seminar 1: Pl\u00f6tzlich Eltern! (Baby ist 0 bis 1 Monat)<\/strong><\/p>\n\n\n\n\n<p>Ihr erwartet sehns\u00fcchtig euer Baby bzw. euer Baby wurde gerade geboren und es gibt so viele Fragen die rund um Geburt, Pflege, Gesundheit, Essen, Schlafen usw. auftauchen.<\/p>\n\n\n\n\n<p>Dieses 3-teilige Seminar bietet die M\u00f6glichkeit zum Kennenlernen und Wachsen in einer gleichbleibenden Gruppe. Wir gehen gemeinsam den Weg bis zum 6 Monate alten Baby und kl\u00e4ren in dieser Zeit viele Fragen in der Gruppe.<\/p>\n\n\n\n\n<ul style=\"font-size: 15px;\">\n\n\n<li>29. Februar 2020 von 09:00 bis 11:00 Uhr im EKIZ Braunau<\/li>\n\n\n<\/ul>\n\n\n\n\n<p style=\"margin-top: 30px;\"><strong>Seminar 2: Erfahrungsberichte der Eltern nach 2 Monaten (Baby ist ca. 3 Monate alt)<\/strong><\/p>\n\n\n\n\n<p>Wie gestaltet sich das neue Familienleben? Welche Fragen tauchen diesbez\u00fcglich auf?<\/p>\n\n\n\n\n<ul style=\"font-size: 15px;\">\n\n\n<li>25. April 2020 von 09:00 bis 11:00 Uhr im EKIZ Braunau<\/li>\n\n\n<\/ul>\n\n\n\n\n<p style=\"margin-top: 30px;\"><strong>Seminar 3: Erfahrungsaustausch nach weiteren 2 Monaten (Baby ist ca. 5 Monate alt)<\/strong><\/p>\n\n\n\n\n<p>Baby w\u00e4chst und wird wacher. Welche Herausforderungen bringt der Familienalltag?<\/p>\n\n\n\n\n<p>Fragen rund ums Essen (Beikost, abstillen, Flaschennahrung\u2026), Bewegung (sitzen, krabbeln, robben\u2026), Schlaf, etc.<\/p>\n\n\n\n\n<ul style=\"font-size: 15px;\">\n\n\n<li>13. Juni 2020 von 09:00 bis 11:00 Uhr im EKIZ Braunau<\/li>\n\n\n<\/ul>\n\n\n<\/li>\n\n\n\n\n<p>--><\/p>\n<\/div>\n<\/div>\n<p>[\/vc_column_text][\/vc_row][vc_row][vc_column][vc_column_text]<\/p>\n<\/p>\n<p><p>[\/vc_column_text][\/vc_column][\/vc_row][vc_row row_type=&#8220;3&#8243; row_id=&#8220;about&#8220; blox_height=&#8220;475&#8243; blox_image=&#8220;3200&#8243; blox_dark=&#8220;true&#8220; parallax_speed=&#8220;7&#8243; row_color=&#8220;#8f5c94&#8243; video_fullscreen=&#8220;true&#8220; video_type=&#8220;video\/youtube&#8220;][vc_column_text css=&#8220;.vc_custom_1684149612377{margin-top: 50px !important;margin-bottom: 50px !important;}&#8220;]<\/p>\n<h2 style=\"margin-bottom: 30px; font-size: 3.5em;\">Mag.<sup>a<\/sup> (FH) Carina Fauland<\/h2>\n<ul class=\"li-box li-box-white\">\n<li style=\"text-align: left;\">Mama von 3 Kindern<\/li>\n<li>Mentaltrainerin<\/li>\n<li style=\"text-align: left;\">Dipl. Familienmentorin<\/li>\n<li>Sozialarbeiterin<\/li>\n<\/ul>\n<p>[\/vc_column_text][vc_column_text css=&#8220;.vc_custom_1456906592407{margin-top: 50px !important;margin-bottom: 50px !important;}&#8220;]<\/p>\n<h4 style=\"margin-bottom: 30px; text-align: left;\">Beruflicher Werdegang:<\/h4>\n<ul class=\"li-box li-box-white\">\n<li>Klinik f\u00fcr psychische Gesundheit Braunau<\/li>\n<li>Jugendzentrum<\/li>\n<li>Soziale Initiative<\/li>\n<li>Justizanstalt Salzburg<\/li>\n<li>pro mente O\u00d6<\/li>\n<li>Lebenshilfe Werkst\u00e4tte<\/li>\n<\/ul>\n<p>[\/vc_column_text][\/vc_row][vc_row][vc_column][vc_column_text]<\/p>\n<\/p>\n<p>[\/vc_column_text][\/vc_column][\/vc_row][vc_row row_id=&#8220;anmeldung&#8220; video_fullscreen=&#8220;true&#8220; video_type=&#8220;video\/youtube&#8220;][vc_column][webnus-divider lspan=&#8220;KONTAKT&#8220;]\n<div class=\"wpcf7 no-js\" id=\"wpcf7-f5572-o1\" lang=\"de-DE\" dir=\"ltr\" data-wpcf7-id=\"5572\">\n<div class=\"screen-reader-response\"><p role=\"status\" aria-live=\"polite\" aria-atomic=\"true\"><\/p> <ul><\/ul><\/div>\n<form action=\"\/index.php?rest_route=%2Fwp%2Fv2%2Fpages%2F3109#wpcf7-f5572-o1\" method=\"post\" class=\"wpcf7-form init\" aria-label=\"Kontaktformular\" novalidate=\"novalidate\" data-status=\"init\">\n<fieldset class=\"hidden-fields-container\"><input type=\"hidden\" name=\"_wpcf7\" value=\"5572\" \/><input type=\"hidden\" name=\"_wpcf7_version\" value=\"6.1.5\" \/><input type=\"hidden\" name=\"_wpcf7_locale\" value=\"de_DE\" \/><input type=\"hidden\" name=\"_wpcf7_unit_tag\" value=\"wpcf7-f5572-o1\" \/><input type=\"hidden\" name=\"_wpcf7_container_post\" value=\"0\" \/><input type=\"hidden\" name=\"_wpcf7_posted_data_hash\" value=\"\" \/>\n<\/fieldset>\n<p>Ihr Name*\n<\/p>\n<p><span class=\"wpcf7-form-control-wrap\" data-name=\"your-name\"><input size=\"40\" maxlength=\"400\" class=\"wpcf7-form-control wpcf7-text wpcf7-validates-as-required contactFormText\" aria-required=\"true\" aria-invalid=\"false\" value=\"\" type=\"text\" name=\"your-name\" \/><\/span>\n<\/p>\n<p>Ihre E-Mail-Adresse*\n<\/p>\n<p><span class=\"wpcf7-form-control-wrap\" data-name=\"your-email\"><input size=\"40\" maxlength=\"400\" class=\"wpcf7-form-control wpcf7-email wpcf7-validates-as-required wpcf7-text wpcf7-validates-as-email contactFormText\" aria-required=\"true\" aria-invalid=\"false\" value=\"\" type=\"email\" name=\"your-email\" \/><\/span>\n<\/p>\n<p>Ihre Telefonnummer\n<\/p>\n<p><span class=\"wpcf7-form-control-wrap\" data-name=\"your-phone\"><input size=\"40\" maxlength=\"400\" class=\"wpcf7-form-control wpcf7-text contactFormText\" aria-invalid=\"false\" value=\"\" type=\"text\" name=\"your-phone\" \/><\/span>\n<\/p>\n<p>Interesse an*\n<\/p>\n<p><span class=\"wpcf7-form-control-wrap\" data-name=\"checkbox-group\"><span class=\"wpcf7-form-control wpcf7-checkbox wpcf7-validates-as-required\"><span class=\"wpcf7-list-item first\"><label><input type=\"checkbox\" name=\"checkbox-group[]\" value=\"Online-Beratung\" \/><span class=\"wpcf7-list-item-label\">Online-Beratung<\/span><\/label><\/span><span class=\"wpcf7-list-item\"><label><input type=\"checkbox\" name=\"checkbox-group[]\" value=\"Einzelgespr\u00e4che\" \/><span class=\"wpcf7-list-item-label\">Einzelgespr\u00e4che<\/span><\/label><\/span><span class=\"wpcf7-list-item\"><label><input type=\"checkbox\" name=\"checkbox-group[]\" value=\"Mama Meetings\" \/><span class=\"wpcf7-list-item-label\">Mama Meetings<\/span><\/label><\/span><span class=\"wpcf7-list-item last\"><label><input type=\"checkbox\" name=\"checkbox-group[]\" value=\"Vortr\u00e4ge\" \/><span class=\"wpcf7-list-item-label\">Vortr\u00e4ge<\/span><\/label><\/span><\/span><\/span><br \/>\n<span id=\"wpcf7-6a030e8617613-wrapper\" class=\"wpcf7-form-control-wrap your-address-wrap\" style=\"display:none !important; visibility:hidden !important;\"><label for=\"wpcf7-6a030e8617613-field\" class=\"hp-message\">Bitte lasse dieses Feld leer.<\/label><input id=\"wpcf7-6a030e8617613-field\"  class=\"wpcf7-form-control wpcf7-text\" type=\"text\" name=\"your-address\" value=\"\" size=\"40\" tabindex=\"-1\" autocomplete=\"new-password\" \/><\/span>\n<\/p>\n<p>Ihre Nachricht\n<\/p>\n<p><span class=\"wpcf7-form-control-wrap\" data-name=\"your-message\"><textarea cols=\"40\" rows=\"10\" maxlength=\"2000\" class=\"wpcf7-form-control wpcf7-textarea contactFormText\" aria-invalid=\"false\" name=\"your-message\"><\/textarea><\/span>\n<\/p>\n<p><input class=\"wpcf7-form-control wpcf7-submit has-spinner\" type=\"submit\" value=\"Senden\" \/>\n<\/p><div class=\"wpcf7-response-output\" aria-hidden=\"true\"><\/div>\n<\/form>\n<\/div>\n[\/vc_column][\/vc_row][vc_row][vc_column][vc_column_text]&nbsp;[\/vc_column_text][\/vc_column][\/vc_row]<\/p>\n<\/section>","protected":false},"excerpt":{"rendered":"<p>[vc_row][vc_column][vc_column_text] [\/vc_column_text][\/vc_column][\/vc_row][vc_row row_id=&#8220;anmeldung&#8220; video_fullscreen=&#8220;true&#8220; video_type=&#8220;video\/youtube&#8220;][vc_column][webnus-divider lspan=&#8220;KONTAKT&#8220;][\/vc_column][\/vc_row][vc_row][vc_column][vc_column_text]&nbsp;[\/vc_column_text][\/vc_column][\/vc_row]<\/p>\n","protected":false},"author":1,"featured_media":5521,"parent":0,"menu_order":0,"comment_status":"closed","ping_status":"closed","template":"","meta":{"footnotes":""},"class_list":["post-3109","page","type-page","status-publish","hentry"],"_links":{"self":[{"href":"https:\/\/www.fairkids.at\/index.php?rest_route=\/wp\/v2\/pages\/3109","targetHints":{"allow":["GET"]}}],"collection":[{"href":"https:\/\/www.fairkids.at\/index.php?rest_route=\/wp\/v2\/pages"}],"about":[{"href":"https:\/\/www.fairkids.at\/index.php?rest_route=\/wp\/v2\/types\/page"}],"author":[{"embeddable":true,"href":"https:\/\/www.fairkids.at\/index.php?rest_route=\/wp\/v2\/users\/1"}],"replies":[{"embeddable":true,"href":"https:\/\/www.fairkids.at\/index.php?rest_route=%2Fwp%2Fv2%2Fcomments&post=3109"}],"version-history":[{"count":91,"href":"https:\/\/www.fairkids.at\/index.php?rest_route=\/wp\/v2\/pages\/3109\/revisions"}],"predecessor-version":[{"id":7126,"href":"https:\/\/www.fairkids.at\/index.php?rest_route=\/wp\/v2\/pages\/3109\/revisions\/7126"}],"wp:featuredmedia":[{"embeddable":true,"href":"https:\/\/www.fairkids.at\/index.php?rest_route=\/"}],"wp:attachment":[{"href":"https:\/\/www.fairkids.at\/index.php?rest_route=%2Fwp%2Fv2%2Fmedia&parent=3109"}],"curies":[{"name":"wp","href":"https:\/\/api.w.org\/{rel}","templated":true}]}}